{"id":10,"date":"2019-06-11T14:19:05","date_gmt":"2019-06-11T12:19:05","guid":{"rendered":"http:\/\/carrosserieamautos.fr\/?page_id=10"},"modified":"2022-03-21T10:01:52","modified_gmt":"2022-03-21T09:01:52","slug":"carrosserie","status":"publish","type":"page","link":"https:\/\/carrosserieamautos.fr\/index.php\/carrosserie\/","title":{"rendered":"Carrosserie\/Peinture"},"content":{"rendered":"\n<figure class=\"wp-block-gallery columns-2 is-cropped\"><ul class=\"blocks-gallery-grid\"><li class=\"blocks-gallery-item\"><figure><img loading=\"lazy\" width=\"1600\" height=\"1200\" src=\"http:\/\/carrosserieamautos.fr\/wp-content\/uploads\/2021\/01\/c8367754-a43e-4bae-9c1a-8a8e339a886e-1.jpg\" alt=\"\" data-id=\"638\" class=\"wp-image-638\" srcset=\"https:\/\/carrosserieamautos.fr\/wp-content\/uploads\/2021\/01\/c8367754-a43e-4bae-9c1a-8a8e339a886e-1.jpg 1600w, https:\/\/carrosserieamautos.fr\/wp-content\/uploads\/2021\/01\/c8367754-a43e-4bae-9c1a-8a8e339a886e-1-300x225.jpg 300w, https:\/\/carrosserieamautos.fr\/wp-content\/uploads\/2021\/01\/c8367754-a43e-4bae-9c1a-8a8e339a886e-1-1024x768.jpg 1024w, https:\/\/carrosserieamautos.fr\/wp-content\/uploads\/2021\/01\/c8367754-a43e-4bae-9c1a-8a8e339a886e-1-768x576.jpg 768w, https:\/\/carrosserieamautos.fr\/wp-content\/uploads\/2021\/01\/c8367754-a43e-4bae-9c1a-8a8e339a886e-1-1536x1152.jpg 1536w\" sizes=\"(max-width: 1600px) 100vw, 1600px\" \/><\/figure><\/li><li class=\"blocks-gallery-item\"><figure><img loading=\"lazy\" width=\"1600\" height=\"1200\" src=\"http:\/\/carrosserieamautos.fr\/wp-content\/uploads\/2019\/06\/da5cd701-7828-427f-8f38-5d4ea60da9d8.jpg\" alt=\"Cabine de peinture\" data-id=\"75\" class=\"wp-image-75\" srcset=\"https:\/\/carrosserieamautos.fr\/wp-content\/uploads\/2019\/06\/da5cd701-7828-427f-8f38-5d4ea60da9d8.jpg 1600w, https:\/\/carrosserieamautos.fr\/wp-content\/uploads\/2019\/06\/da5cd701-7828-427f-8f38-5d4ea60da9d8-300x225.jpg 300w, https:\/\/carrosserieamautos.fr\/wp-content\/uploads\/2019\/06\/da5cd701-7828-427f-8f38-5d4ea60da9d8-768x576.jpg 768w, https:\/\/carrosserieamautos.fr\/wp-content\/uploads\/2019\/06\/da5cd701-7828-427f-8f38-5d4ea60da9d8-1024x768.jpg 1024w\" sizes=\"(max-width: 1600px) 100vw, 1600px\" \/><\/figure><\/li><\/ul><\/figure>\n\n\n\n<p><\/p>\n\n\n\n<p class=\"has-colibri-color-6-color has-text-color has-normal-font-size\">Vous venez de subir un sinistre automobile ? Notre \u00e9quipe prend en charge toutes marques de v\u00e9hicule. En fonction des dommages subis, nous sommes capables de remplacer tout \u00e9l\u00e9ment endommag\u00e9 ou redresser tout \u00e9l\u00e9ment caboss\u00e9, r\u00e9parer les \u00e9l\u00e9ments plastiques et aluminium tels que les pare-chocs, effectuer les passage au marbre lorsque le ch\u00e2ssis est touch\u00e9, r\u00e9aliser les op\u00e9rations m\u00e9caniques lors de chocs importants (d\u00e9pose moteur) et effectuer la peinture totale ou partielle du v\u00e9hicule.<\/p>\n","protected":false},"excerpt":{"rendered":"<p>Vous venez de subir un sinistre automobile ? Notre \u00e9quipe prend en charge toutes marques de v\u00e9hicule. En fonction des dommages subis, nous sommes capables de remplacer tout \u00e9l\u00e9ment endommag\u00e9 ou redresser tout \u00e9l\u00e9ment caboss\u00e9, r\u00e9parer les \u00e9l\u00e9ments plastiques et aluminium tels que les pare-chocs, effectuer les passage au marbre lorsque le ch\u00e2ssis est touch\u00e9, [&hellip;]<\/p>\n","protected":false},"author":1,"featured_media":0,"parent":0,"menu_order":0,"comment_status":"closed","ping_status":"closed","template":"","meta":[],"_links":{"self":[{"href":"https:\/\/carrosserieamautos.fr\/index.php\/wp-json\/wp\/v2\/pages\/10"}],"collection":[{"href":"https:\/\/carrosserieamautos.fr\/index.php\/wp-json\/wp\/v2\/pages"}],"about":[{"href":"https:\/\/carrosserieamautos.fr\/index.php\/wp-json\/wp\/v2\/types\/page"}],"author":[{"embeddable":true,"href":"https:\/\/carrosserieamautos.fr\/index.php\/wp-json\/wp\/v2\/users\/1"}],"replies":[{"embeddable":true,"href":"https:\/\/carrosserieamautos.fr\/index.php\/wp-json\/wp\/v2\/comments?post=10"}],"version-history":[{"count":9,"href":"https:\/\/carrosserieamautos.fr\/index.php\/wp-json\/wp\/v2\/pages\/10\/revisions"}],"predecessor-version":[{"id":811,"href":"https:\/\/carrosserieamautos.fr\/index.php\/wp-json\/wp\/v2\/pages\/10\/revisions\/811"}],"wp:attachment":[{"href":"https:\/\/carrosserieamautos.fr\/index.php\/wp-json\/wp\/v2\/media?parent=10"}],"curies":[{"name":"wp","href":"https:\/\/api.w.org\/{rel}","templated":true}]}}